{"id":526,"date":"2020-08-30T23:00:55","date_gmt":"2020-08-30T23:00:55","guid":{"rendered":"https:\/\/baatsil.com\/ciclos\/?page_id=526"},"modified":"2020-09-20T22:20:51","modified_gmt":"2020-09-21T03:20:51","slug":"inicio","status":"publish","type":"page","link":"https:\/\/baatsil.com\/ciclos\/","title":{"rendered":"Inicio"},"content":{"rendered":"<p>[et_pb_section fb_built=&#8221;1&#8243; admin_label=&#8221;Service Section&#8221; _builder_version=&#8221;4.6.1&#8243; background_color=&#8221;rgba(12,113,195,0.61)&#8221; background_enable_image=&#8221;off&#8221; custom_padding=&#8221;30px||30px|0px|false|false&#8221;][et_pb_row _builder_version=&#8221;4.6.0&#8243; _module_preset=&#8221;default&#8221;][et_pb_column type=&#8221;4_4&#8243; _builder_version=&#8221;4.6.0&#8243; _module_preset=&#8221;default&#8221;][et_pb_text _builder_version=&#8221;4.6.1&#8243; _module_preset=&#8221;default&#8221; text_text_color=&#8221;#ffffff&#8221; text_font_size=&#8221;16px&#8221; custom_padding=&#8221;15px|15px|15px|15px|false|false&#8221; border_radii=&#8221;on|15px|15px|15px|15px&#8221; box_shadow_style=&#8221;preset2&#8243;]<\/p>\n<p>NUESTRA VISI\u00d3N:\u00a0<br \/><strong>Que el sistema Baatsil, sea considerado como un pilar de apoyo e impulso importante en la econom\u00eda familiar y personal.<\/strong><\/p>\n<p>[\/et_pb_text][et_pb_countdown_timer title=&#8221;Pr\u00f3xima Bolsa de Beneficios&#8221; date_time=&#8221;2020-09-21 21:00&#8243; _builder_version=&#8221;4.6.1&#8243; _module_preset=&#8221;default&#8221; border_radii=&#8221;on|15px|15px|15px|15px&#8221; box_shadow_style=&#8221;preset2&#8243;][\/et_pb_countdown_timer][\/et_pb_column][\/et_pb_row][et_pb_row column_structure=&#8221;2_5,3_5&#8243; _builder_version=&#8221;4.6.1&#8243; _module_preset=&#8221;default&#8221;][et_pb_column type=&#8221;2_5&#8243; _builder_version=&#8221;4.6.1&#8243; _module_preset=&#8221;default&#8221;][et_pb_image src=&#8221;https:\/\/baatsil.com\/ciclos\/wp-content\/uploads\/idea.png&#8221; title_text=&#8221;idea&#8221; _builder_version=&#8221;4.6.1&#8243; _module_preset=&#8221;default&#8221; border_radii=&#8221;on|15px|15px|15px|15px&#8221; box_shadow_style=&#8221;preset2&#8243;][\/et_pb_image][\/et_pb_column][et_pb_column type=&#8221;3_5&#8243; _builder_version=&#8221;4.6.1&#8243; _module_preset=&#8221;default&#8221;][et_pb_text admin_label=&#8221;Text&#8221; _builder_version=&#8221;4.6.1&#8243; _module_preset=&#8221;default&#8221; text_text_color=&#8221;#ffffff&#8221; quote_text_color=&#8221;#ffffff&#8221; background_color=&#8221;#0c71c3&#8243; background_enable_image=&#8221;off&#8221; custom_padding=&#8221;20px|20px|20px|20px|true|true&#8221; border_radii=&#8221;on|10px|10px|10px|10px&#8221;]<\/p>\n<blockquote>\n<p><strong>RECUERDA:<\/strong> con una posici\u00f3n tienes un <strong>50% de probabilidades<\/strong> de obtener beneficios, con 2 o m\u00e1s donaciones, la ley de probabilidades estar\u00e1 a tu favor.<\/p>\n<\/blockquote>\n<p style=\"font-weight: 400;\"><strong>Por qu\u00e9 participar:<\/strong><\/p>\n<ul>\n<li style=\"font-weight: 400;\">Porque tienes 50% de probabilidad de beneficiarte, en un sorteo o loter\u00eda normal tiene solo el 3%.<\/li>\n<li style=\"font-weight: 400;\">NO tienes que invitar a nadie.<\/li>\n<li style=\"font-weight: 400;\">Aqu\u00ed no ganan solo los de arriba o los primeros en llegar.<\/li>\n<li style=\"font-weight: 400;\">No tienes que capacitarte en algo especial.<\/li>\n<li style=\"font-weight: 400;\">Con las personas que donen se cierra el ciclo, no esperamos a nadie.<\/li>\n<li style=\"font-weight: 400;\">Puedes ganar una, otra, otra y otra vez.<\/li>\n<li style=\"font-weight: 400;\">Es un sistema legal de donaciones entre particulares.<\/li>\n<\/ul>\n<p>[\/et_pb_text][\/et_pb_column][\/et_pb_row][et_pb_row _builder_version=&#8221;4.6.0&#8243; _module_preset=&#8221;default&#8221;][et_pb_column type=&#8221;4_4&#8243; _builder_version=&#8221;4.6.0&#8243; _module_preset=&#8221;default&#8221;][et_pb_shop type=&#8221;latest&#8221; posts_number=&#8221;4&#8243; sale_badge_color=&#8221;#000000&#8243; icon_hover_color=&#8221;#000000&#8243; hover_overlay_color=&#8221;rgba(109,216,8,0.55)&#8221; hover_icon=&#8221;%%114%%&#8221; _builder_version=&#8221;4.6.1&#8243; _module_preset=&#8221;default&#8221; title_text_color=&#8221;#000000&#8243; title_font_size=&#8221;18px&#8221; price_font=&#8221;|700|||||||&#8221; price_text_color=&#8221;#000000&#8243; price_font_size=&#8221;20px&#8221; sale_price_text_color=&#8221;#000000&#8243; sale_price_font_size=&#8221;18px&#8221; background_color=&#8221;rgba(255,255,255,0.62)&#8221; custom_margin=&#8221;10px|40px||40px|false|false&#8221; custom_padding=&#8221;20px|20px|20px|20px|false|false&#8221; border_radii=&#8221;on|15px|15px|15px|15px&#8221; border_radii_image=&#8221;on|15px|15px|15px|15px&#8221;][\/et_pb_shop][et_pb_text _builder_version=&#8221;4.6.1&#8243; _module_preset=&#8221;default&#8221; text_text_color=&#8221;#ffffff&#8221; text_font_size=&#8221;16px&#8221; text_orientation=&#8221;center&#8221; hover_enabled=&#8221;0&#8243; sticky_enabled=&#8221;0&#8243;]<\/p>\n<p>BAATSIL trabaja con la <strong>criptomoneda<\/strong> ETHEREUM y el valor de una donaci\u00f3n es de solo<strong> 2.5 D\u00f3lares americanos <\/strong>que equivale aproximadamente\u00a0 a <b>0.007 Ethereum, solo puedes hacer tu donaci\u00f3n en Ethereum y recibir\u00e1s tus beneficios en Ethereum. <\/b>&#8211; En el convertidor de aqu\u00ed debajo, puedes conocer el valor del Ethereum, con relaci\u00f3n a la moneda de tu pa\u00eds o a alguna otra criptomoneda.<\/p>\n<p>[\/et_pb_text][\/et_pb_column][\/et_pb_row][et_pb_row _builder_version=&#8221;4.6.1&#8243; _module_preset=&#8221;default&#8221;][et_pb_column type=&#8221;4_4&#8243; _builder_version=&#8221;4.6.1&#8243; _module_preset=&#8221;default&#8221;][et_pb_code _builder_version=&#8221;4.6.1&#8243; _module_preset=&#8221;default&#8221; width=&#8221;100%&#8221; max_width=&#8221;50%&#8221; module_alignment=&#8221;center&#8221; hover_enabled=&#8221;0&#8243; sticky_enabled=&#8221;0&#8243;]<script src=\"https:\/\/widgets.coingecko.com\/coingecko-coin-converter-widget.js\"><\/script><!-- [et_pb_line_break_holder] --><coingecko-coin-converter-widget  coin-id=\"ethereum\" currency=\"usd\" background-color=\"#3d71d1\" font-color=\"#fcfcfc\" locale=\"es\" width=\"300\"><!-- [et_pb_line_break_holder] --><\/coingecko-coin-converter-widget>[\/et_pb_code][\/et_pb_column][\/et_pb_row][\/et_pb_section]<\/p>\n","protected":false},"excerpt":{"rendered":"<p>[et_pb_section fb_built=&#8221;1&#8243; admin_label=&#8221;Service Section&#8221; _builder_version=&#8221;4.6.1&#8243; background_color=&#8221;rgba(12,113,195,0.61)&#8221; background_enable_image=&#8221;off&#8221; custom_padding=&#8221;30px||30px|0px|false|false&#8221;][et_pb_row _builder_version=&#8221;4.6.0&#8243; _module_preset=&#8221;default&#8221;][et_pb_column type=&#8221;4_4&#8243; _builder_version=&#8221;4.6.0&#8243; _module_preset=&#8221;default&#8221;][et_pb_text _builder_version=&#8221;4.6.1&#8243; _module_preset=&#8221;default&#8221; text_text_color=&#8221;#ffffff&#8221; text_font_size=&#8221;16px&#8221; custom_padding=&#8221;15px|15px|15px|15px|false|false&#8221; border_radii=&#8221;on|15px|15px|15px|15px&#8221; box_shadow_style=&#8221;preset2&#8243;] NUESTRA VISI\u00d3N:\u00a0Que el sistema Baatsil, sea considerado como un pilar de apoyo e impulso importante en la econom\u00eda familiar y personal. [\/et_pb_text][et_pb_countdown_timer title=&#8221;Pr\u00f3xima Bolsa de Beneficios&#8221; date_time=&#8221;2020-09-21 21:00&#8243; _builder_version=&#8221;4.6.1&#8243; _module_preset=&#8221;default&#8221; border_radii=&#8221;on|15px|15px|15px|15px&#8221; box_shadow_style=&#8221;preset2&#8243;][\/et_pb_countdown_timer][\/et_pb_column][\/et_pb_row][et_pb_row column_structure=&#8221;2_5,3_5&#8243; _builder_version=&#8221;4.6.1&#8243; _module_preset=&#8221;default&#8221;][et_pb_column [&hellip;]<\/p>\n","protected":false},"author":1,"featured_media":0,"parent":0,"menu_order":0,"comment_status":"closed","ping_status":"closed","template":"","meta":{"_acf_changed":false,"_et_pb_use_builder":"on","_et_pb_old_content":"","_et_gb_content_width":"","footnotes":""},"class_list":["post-526","page","type-page","status-publish","hentry"],"acf":[],"_links":{"self":[{"href":"https:\/\/baatsil.com\/ciclos\/wp-json\/wp\/v2\/pages\/526","targetHints":{"allow":["GET"]}}],"collection":[{"href":"https:\/\/baatsil.com\/ciclos\/wp-json\/wp\/v2\/pages"}],"about":[{"href":"https:\/\/baatsil.com\/ciclos\/wp-json\/wp\/v2\/types\/page"}],"author":[{"embeddable":true,"href":"https:\/\/baatsil.com\/ciclos\/wp-json\/wp\/v2\/users\/1"}],"replies":[{"embeddable":true,"href":"https:\/\/baatsil.com\/ciclos\/wp-json\/wp\/v2\/comments?post=526"}],"version-history":[{"count":104,"href":"https:\/\/baatsil.com\/ciclos\/wp-json\/wp\/v2\/pages\/526\/revisions"}],"predecessor-version":[{"id":912,"href":"https:\/\/baatsil.com\/ciclos\/wp-json\/wp\/v2\/pages\/526\/revisions\/912"}],"wp:attachment":[{"href":"https:\/\/baatsil.com\/ciclos\/wp-json\/wp\/v2\/media?parent=526"}],"curies":[{"name":"wp","href":"https:\/\/api.w.org\/{rel}","templated":true}]}}