{"id":166,"date":"2020-08-27T19:30:38","date_gmt":"2020-08-27T19:30:38","guid":{"rendered":"https:\/\/baatsil.com\/ciclos\/?page_id=166"},"modified":"2020-08-30T19:26:39","modified_gmt":"2020-08-30T19:26:39","slug":"que-solucionamos","status":"publish","type":"page","link":"https:\/\/baatsil.com\/ciclos\/que-solucionamos\/","title":{"rendered":"\u00bfQue solucionamos?"},"content":{"rendered":"<p>[et_pb_section fb_built=&#8221;1&#8243; admin_label=&#8221;Page Title Section&#8221; _builder_version=&#8221;3.22&#8243; use_background_color_gradient=&#8221;on&#8221; background_color_gradient_start=&#8221;#6b73ff&#8221; background_color_gradient_end=&#8221;#000dff&#8221; background_color_gradient_direction=&#8221;120deg&#8221; background_image=&#8221;https:\/\/baatsil.com\/ciclos\/wp-content\/uploads\/section-bg-hero2-2.png&#8221; custom_padding=&#8221;100px||60px|&#8221; box_shadow_style=&#8221;preset7&#8243; box_shadow_horizontal=&#8221;0px&#8221; box_shadow_vertical=&#8221;-220px&#8221; box_shadow_color=&#8221;#ffffff&#8221;][et_pb_row admin_label=&#8221;Page Title Area&#8221; _builder_version=&#8221;3.25&#8243; background_size=&#8221;initial&#8221; background_position=&#8221;top_left&#8221; background_repeat=&#8221;repeat&#8221;][et_pb_column type=&#8221;4_4&#8243; _builder_version=&#8221;3.25&#8243; custom_padding=&#8221;|||&#8221; custom_padding__hover=&#8221;|||&#8221;][et_pb_text admin_label=&#8221;Title&#8221; _builder_version=&#8221;4.6.0&#8243; text_font=&#8221;Poppins||||||||&#8221; text_font_size=&#8221;18px&#8221; text_line_height=&#8221;1.8em&#8221; header_font=&#8221;Poppins|600|||||||&#8221; header_font_size=&#8221;48px&#8221; header_line_height=&#8221;1.4em&#8221; header_2_font=&#8221;||||||||&#8221; text_orientation=&#8221;center&#8221; background_layout=&#8221;dark&#8221; max_width=&#8221;700px&#8221; module_alignment=&#8221;center&#8221; custom_margin=&#8221;|||&#8221; custom_padding=&#8221;||0px|||&#8221; animation_style=&#8221;fade&#8221;]<\/p>\n<h1><span style=\"color: #ffffff;\">La soluci\u00f3n BAATSIL<\/span><\/h1>\n<blockquote>\n<p><span>\u201cEl verdadero sentido de la creaci\u00f3n y de la innovaci\u00f3n es resolver una necesidad y ello se logra compartiendo la\u00a0<\/span>soluci\u00f3n<span style=\"color: #ffffff;\">.\u201d<\/span><\/p>\n<p><span style=\"color: #ffffff;\"><\/span><\/p>\n<p><span style=\"color: #ffffff;\"><\/span><\/p>\n<p><span style=\"color: #ffffff;\"><\/span><\/p>\n<p><span style=\"color: #ffffff;\"><\/span><\/p>\n<p><span style=\"color: #ffffff;\"><\/span><\/p>\n<p><span style=\"color: #ffffff;\"><\/span><\/p>\n<p><span style=\"color: #ffffff;\"><\/span><\/p>\n<\/blockquote>\n<p>[\/et_pb_text][\/et_pb_column][\/et_pb_row][et_pb_row admin_label=&#8221;Statistics Image Area&#8221; _builder_version=&#8221;3.25&#8243; custom_padding=&#8221;|||&#8221;][et_pb_column type=&#8221;4_4&#8243; _builder_version=&#8221;3.25&#8243; custom_padding=&#8221;|||&#8221; custom_padding__hover=&#8221;|||&#8221;][et_pb_image src=&#8221;https:\/\/baatsil.com\/ciclos\/wp-content\/uploads\/Solucion.jpg&#8221; title_text=&#8221;Solucion&#8221; force_fullwidth=&#8221;on&#8221; align_tablet=&#8221;center&#8221; align_phone=&#8221;&#8221; align_last_edited=&#8221;on|desktop&#8221; _builder_version=&#8221;4.6.0&#8243; animation_style=&#8221;slide&#8221; animation_direction=&#8221;top&#8221; animation_intensity_slide=&#8221;3%&#8221; animation_starting_opacity=&#8221;100%&#8221; border_radii=&#8221;on|15px|15px|15px|15px&#8221; border_width_all=&#8221;2px&#8221; border_color_all=&#8221;#ffffff&#8221; box_shadow_style=&#8221;preset2&#8243; box_shadow_horizontal=&#8221;0px&#8221; box_shadow_vertical=&#8221;10px&#8221; box_shadow_blur=&#8221;55px&#8221; box_shadow_color=&#8221;rgba(0,0,0,0.07)&#8221;][\/et_pb_image][\/et_pb_column][\/et_pb_row][\/et_pb_section][et_pb_section fb_built=&#8221;1&#8243; admin_label=&#8221;Yearly Report Section&#8221; _builder_version=&#8221;4.6.0&#8243; background_color=&#8221;rgba(12,113,195,0.77)&#8221; background_enable_image=&#8221;off&#8221; custom_margin=&#8221;|||&#8221; custom_padding=&#8221;90px||90px|&#8221;][et_pb_row _builder_version=&#8221;4.6.0&#8243; _module_preset=&#8221;default&#8221;][et_pb_column type=&#8221;4_4&#8243; _builder_version=&#8221;4.6.0&#8243; _module_preset=&#8221;default&#8221;][et_pb_text _builder_version=&#8221;4.6.0&#8243; _module_preset=&#8221;default&#8221; text_text_color=&#8221;#ffffff&#8221; text_font_size=&#8221;16px&#8221;]<\/p>\n<ul>\n<li><span>Elimina el: \u201c<strong>Dos que invitan a dos<\/strong>\u201d<\/span><\/li>\n<\/ul>\n<p style=\"padding-left: 60px;\"><span>Ciertamente no es necesario invitar, pero tal vez quieras beneficiar o ayudar a alguien cercano a ti, en alg\u00fan momento. Todas las posiciones adquiridas se acomodan en una sola estructura, el sistema trabaja a nivel internacional, de tal forma que, entre m\u00e1s personas con m\u00e1s posiciones participen en BAATSIL, m\u00e1s combinaciones de beneficios pueden acumular los participantes.<\/span><\/p>\n<ul>\n<li><span>Elimina el: \u201c<strong>S\u00f3lo los de arriba ganan<\/strong>\u201d<\/span><\/li>\n<\/ul>\n<p style=\"padding-left: 60px;\"><span>Al involucrar el sistema de colocaci\u00f3n aleatoria, en cada ciclo o ronda todas las posiciones que participen se acomodan en un lugar distinto, as\u00ed, los que estaban arriba podr\u00edan quedar en cualquier otro lugar y los de abajo podr\u00edan quedar hasta arriba.<\/span><\/p>\n<p style=\"padding-left: 60px;\">Adicionalmente el sistema est\u00e1 configurado de tal forma que cada posici\u00f3n tenga el 50% de probabilidad de recuperar su valor (en loter\u00edas, raspaditos, melate o casinos, la probabilidad de ganar es menor al 3%).<\/p>\n<p style=\"padding-left: 60px;\">Nuestro algoritmo abre la posibilidad de que, a mayor cantidad de posiciones adquiridas, mayor combinaci\u00f3n de beneficios pueda obtener un donante.<\/p>\n<ul>\n<li><span>Elimina el: \u201c<strong>Tiene que estar entrando gente o se detiene el negocio<\/strong>\u201d<\/span><\/li>\n<\/ul>\n<p style=\"padding-left: 60px;\"><span>Gracias al sistema de colocaci\u00f3n aleatoria y a que, en cada ciclo todos realizan nuevas aportaciones, el sistema no se queda sin dinero para dispersar en cada ciclo, incluso si no ingresaran personas nuevas. De esta forma la combinaci\u00f3n de beneficios puede ser ilimitadas para todos.<\/span><\/p>\n<p style=\"padding-left: 60px;\"><span>BAATSIL no se puede detener porque se ejecuta con el total de Donantes que hayan participado hasta la fecha y hora de ejecuci\u00f3n del ciclo. Por lo tanto cada ciclo es independiente y nuevo.<\/span><\/p>\n<ul>\n<li><span>Elimina el: \u201c<strong>Hay que estar comprando o vendiendo productos y es muy caro entrar<\/strong>\u201d<\/span><\/li>\n<\/ul>\n<p style=\"padding-left: 60px;\"><span>Nos basamos en el modelo de econom\u00eda solidaria por lo tanto, cada posici\u00f3n que adquieres es una donaci\u00f3n que realizas para alguien m\u00e1s y lo mismo har\u00e1n muchos para ti. El valor de cada aportaci\u00f3n est\u00e1 pensado para que incluso las familias m\u00e1s afectadas econ\u00f3micamente puedan ser parte y beneficiarse de este proyecto.<\/span><\/p>\n<ul>\n<li><span>Elimina el: \u201c<strong>Se gana muy poco en estos sistemas, y generalmente se pierde y solo los primeros ganan<\/strong>.\u201d<\/span><\/li>\n<\/ul>\n<p style=\"padding-left: 60px;\"><span>A\u00fan con una sola posici\u00f3n tienes el 50% de probabilidad de recuperar su valor y un extra o mejor a\u00fan, tener la suerte de quedar en un lugar privilegiado y llevarte un muy buen beneficio. Por supuesto que, entre m\u00e1s posiciones adquieras y en m\u00e1s ciclos part\u00edcipes, lo que acumules en beneficios puede llegar a ser bastante interesante, ya que cada posici\u00f3n es completamente independiente.<\/span><\/p>\n<ul>\n<li><span>Elimina el:\u00a0<strong>\u201cEs ilegal\u201d<\/strong><\/span><\/li>\n<\/ul>\n<p style=\"padding-left: 60px;\"><span>Todas las transacciones son voluntarias. Nadie te obliga a participar y no hay ley que restrinja el donar dinero a otras personas. En BAATSIL no hay inversiones, ni rendimientos, solo donaciones.<\/span><\/p>\n<p>[\/et_pb_text][\/et_pb_column][\/et_pb_row][\/et_pb_section]<\/p>\n","protected":false},"excerpt":{"rendered":"<p>[et_pb_section fb_built=&#8221;1&#8243; admin_label=&#8221;Page Title Section&#8221; _builder_version=&#8221;3.22&#8243; use_background_color_gradient=&#8221;on&#8221; background_color_gradient_start=&#8221;#6b73ff&#8221; background_color_gradient_end=&#8221;#000dff&#8221; background_color_gradient_direction=&#8221;120deg&#8221; background_image=&#8221;https:\/\/baatsil.com\/ciclos\/wp-content\/uploads\/section-bg-hero2-2.png&#8221; custom_padding=&#8221;100px||60px|&#8221; box_shadow_style=&#8221;preset7&#8243; box_shadow_horizontal=&#8221;0px&#8221; box_shadow_vertical=&#8221;-220px&#8221; box_shadow_color=&#8221;#ffffff&#8221;][et_pb_row admin_label=&#8221;Page Title Area&#8221; _builder_version=&#8221;3.25&#8243; background_size=&#8221;initial&#8221; background_position=&#8221;top_left&#8221; background_repeat=&#8221;repeat&#8221;][et_pb_column type=&#8221;4_4&#8243; _builder_version=&#8221;3.25&#8243; custom_padding=&#8221;|||&#8221; custom_padding__hover=&#8221;|||&#8221;][et_pb_text admin_label=&#8221;Title&#8221; _builder_version=&#8221;4.6.0&#8243; text_font=&#8221;Poppins||||||||&#8221; text_font_size=&#8221;18px&#8221; text_line_height=&#8221;1.8em&#8221; header_font=&#8221;Poppins|600|||||||&#8221; header_font_size=&#8221;48px&#8221; header_line_height=&#8221;1.4em&#8221; header_2_font=&#8221;||||||||&#8221; text_orientation=&#8221;center&#8221; background_layout=&#8221;dark&#8221; max_width=&#8221;700px&#8221; module_alignment=&#8221;center&#8221; custom_margin=&#8221;|||&#8221; custom_padding=&#8221;||0px|||&#8221; animation_style=&#8221;fade&#8221;] La soluci\u00f3n BAATSIL \u201cEl verdadero sentido de la creaci\u00f3n y de la [&hellip;]<\/p>\n","protected":false},"author":1,"featured_media":0,"parent":0,"menu_order":0,"comment_status":"closed","ping_status":"closed","template":"","meta":{"_acf_changed":false,"_et_pb_use_builder":"on","_et_pb_old_content":"","_et_gb_content_width":"","footnotes":""},"class_list":["post-166","page","type-page","status-publish","hentry"],"acf":[],"_links":{"self":[{"href":"https:\/\/baatsil.com\/ciclos\/wp-json\/wp\/v2\/pages\/166","targetHints":{"allow":["GET"]}}],"collection":[{"href":"https:\/\/baatsil.com\/ciclos\/wp-json\/wp\/v2\/pages"}],"about":[{"href":"https:\/\/baatsil.com\/ciclos\/wp-json\/wp\/v2\/types\/page"}],"author":[{"embeddable":true,"href":"https:\/\/baatsil.com\/ciclos\/wp-json\/wp\/v2\/users\/1"}],"replies":[{"embeddable":true,"href":"https:\/\/baatsil.com\/ciclos\/wp-json\/wp\/v2\/comments?post=166"}],"version-history":[{"count":13,"href":"https:\/\/baatsil.com\/ciclos\/wp-json\/wp\/v2\/pages\/166\/revisions"}],"predecessor-version":[{"id":493,"href":"https:\/\/baatsil.com\/ciclos\/wp-json\/wp\/v2\/pages\/166\/revisions\/493"}],"wp:attachment":[{"href":"https:\/\/baatsil.com\/ciclos\/wp-json\/wp\/v2\/media?parent=166"}],"curies":[{"name":"wp","href":"https:\/\/api.w.org\/{rel}","templated":true}]}}