{"id":130,"date":"2020-08-27T18:42:25","date_gmt":"2020-08-27T18:42:25","guid":{"rendered":"https:\/\/baatsil.com\/ciclos\/?page_id=130"},"modified":"2020-09-20T13:57:58","modified_gmt":"2020-09-20T18:57:58","slug":"reglas","status":"publish","type":"page","link":"https:\/\/baatsil.com\/ciclos\/reglas\/","title":{"rendered":"Reglas"},"content":{"rendered":"<p>[et_pb_section fb_built=&#8221;1&#8243; admin_label=&#8221;Page Title Section&#8221; _builder_version=&#8221;4.6.0&#8243; use_background_color_gradient=&#8221;on&#8221; background_color_gradient_start=&#8221;#6b73ff&#8221; background_color_gradient_end=&#8221;#000dff&#8221; background_color_gradient_direction=&#8221;100deg&#8221; background_image=&#8221;https:\/\/baatsil.com\/ciclos\/wp-content\/uploads\/section-bg-heptagon-right2.png&#8221; custom_padding=&#8221;100px||100px|&#8221;][et_pb_row admin_label=&#8221;Page Title Area&#8221; _builder_version=&#8221;3.25&#8243;][et_pb_column type=&#8221;4_4&#8243; _builder_version=&#8221;3.25&#8243; custom_padding=&#8221;|||&#8221; custom_padding__hover=&#8221;|||&#8221;][et_pb_text admin_label=&#8221;Title&#8221; _builder_version=&#8221;4.6.0&#8243; text_font=&#8221;Poppins||||||||&#8221; text_font_size=&#8221;18px&#8221; text_line_height=&#8221;1.8em&#8221; header_font=&#8221;Poppins|600|||||||&#8221; header_font_size=&#8221;48px&#8221; header_line_height=&#8221;1.4em&#8221; header_2_font=&#8221;||||||||&#8221; text_orientation=&#8221;center&#8221; background_layout=&#8221;dark&#8221; max_width=&#8221;700px&#8221; module_alignment=&#8221;center&#8221; custom_margin=&#8221;|||&#8221; animation_style=&#8221;fade&#8221;]<\/p>\n<h1>Reglas<\/h1>\n<p><span>\u201cEl buen juicio nace de la buena\u00a0<\/span><span style=\"color: #ffffff;\"><a href=\"https:\/\/www.mundifrases.com\/tema\/inteligencia\/\" style=\"color: #ffffff;\">inteligencia<\/a><\/span><span><span style=\"color: #ffffff;\">\u00a0<\/span>y la buena\u00a0<\/span><span style=\"color: #ffffff;\"><a href=\"https:\/\/www.mundifrases.com\/tema\/inteligencia\/\" style=\"color: #ffffff;\">inteligencia<\/a><\/span><span><span style=\"color: #ffffff;\">\u00a0<\/span>deriva de la\u00a0<\/span><span style=\"color: #ffffff;\"><a href=\"https:\/\/www.mundifrases.com\/tema\/raz%C3%B3n\/\" style=\"color: #ffffff;\">raz\u00f3n<\/a><\/span><span>, sacada de las buenas\u00a0<\/span><span style=\"color: #ffffff;\"><a href=\"https:\/\/www.mundifrases.com\/tema\/reglas\/\" style=\"color: #ffffff;\">reglas<\/a><\/span><span>; y las buenas\u00a0<\/span><span style=\"color: #ffffff;\"><a href=\"https:\/\/www.mundifrases.com\/tema\/reglas\/\" style=\"color: #ffffff;\">reglas<\/a><\/span><span><span style=\"color: #ffffff;\">\u00a0<\/span>son\u00a0<\/span><span style=\"color: #ffffff;\"><a href=\"https:\/\/www.mundifrases.com\/tema\/hijas\/\" style=\"color: #ffffff;\">hijas<\/a><\/span><span><span style=\"color: #ffffff;\">\u00a0<\/span>de la buena\u00a0<\/span><span style=\"color: #ffffff;\"><a href=\"https:\/\/www.mundifrases.com\/tema\/experiencia\/\" style=\"color: #ffffff;\">experiencia<\/a>:\u00a0<a href=\"https:\/\/www.mundifrases.com\/tema\/madre\/\" style=\"color: #ffffff;\">madre<\/a><\/span><span>\u00a0com\u00fan de todas las ciencias y las artes.\u201d<\/span><\/p>\n<p style=\"text-align: right;\"><span><a href=\"https:\/\/www.mundifrases.com\/frases-de\/leonardo-da-vinci\/\"><span style=\"color: #e09900;\">LEONARDO DA VINCI<\/span><\/a><\/span><\/p>\n<p>[\/et_pb_text][\/et_pb_column][\/et_pb_row][\/et_pb_section][et_pb_section fb_built=&#8221;1&#8243; admin_label=&#8221;About Us Section&#8221; _builder_version=&#8221;4.6.0&#8243; background_color=&#8221;rgba(12,113,195,0.8)&#8221; background_enable_image=&#8221;off&#8221; custom_padding=&#8221;90px||90px|&#8221;][et_pb_row admin_label=&#8221;Title Area&#8221; _builder_version=&#8221;3.25&#8243;][et_pb_column type=&#8221;4_4&#8243; _builder_version=&#8221;3.25&#8243; custom_padding=&#8221;|||&#8221; custom_padding__hover=&#8221;|||&#8221;][et_pb_text admin_label=&#8221;Title&#8221; _builder_version=&#8221;4.6.0&#8243; text_font=&#8221;Poppins||||||||&#8221; text_text_color=&#8221;#ffffff&#8221; text_line_height=&#8221;1.8em&#8221; header_font=&#8221;||||||||&#8221; header_2_font=&#8221;Poppins|600|||||||&#8221; header_2_text_align=&#8221;center&#8221; header_2_font_size=&#8221;36px&#8221; header_2_line_height=&#8221;1.4em&#8221; text_orientation=&#8221;center&#8221; module_alignment=&#8221;center&#8221; custom_margin=&#8221;||10px|&#8221; animation_style=&#8221;slide&#8221; animation_direction=&#8221;top&#8221; animation_intensity_slide=&#8221;10%&#8221; animation_starting_opacity=&#8221;100%&#8221;]<\/p>\n<h2><span style=\"color: #ffffff;\">SISTEMA<strong>\u00a0DE CAPITALIZACI\u00d3N INMEDIATA, BASADO EN DONACIONES ENTRE PARTICULARES<\/strong><\/span><\/h2>\n<p>[\/et_pb_text][\/et_pb_column][\/et_pb_row][et_pb_row column_structure=&#8221;1_2,1_2&#8243; admin_label=&#8221;About Us Area&#8221; _builder_version=&#8221;3.25&#8243;][et_pb_column type=&#8221;1_2&#8243; _builder_version=&#8221;3.25&#8243; custom_padding=&#8221;|||&#8221; custom_padding__hover=&#8221;|||&#8221;][et_pb_text _builder_version=&#8221;4.6.0&#8243; text_font=&#8221;Poppins||||||||&#8221; text_text_color=&#8221;#ffffff&#8221; text_font_size=&#8221;16px&#8221; text_line_height=&#8221;1.8em&#8221;]<\/p>\n<p><strong style=\"font-size: 16px;\">BAATSIL<\/strong><span style=\"font-size: 16px;\">, es un sistema que se desarrolla sobre el concepto de<\/span><span style=\"font-size: 16px;\">\u00a0<\/span><strong style=\"font-size: 16px;\">econom\u00eda solidaria<\/strong><span style=\"font-size: 16px;\">\u00a0<\/span><span style=\"font-size: 16px;\">y ha reunido las mejores pr\u00e1cticas y beneficios de los sistemas multinivel y Networking; eliminando la gran cantidad de barreras que hacen que solo \u2018<\/span><span style=\"font-size: 16px;\">los de hasta arriba<\/span><span style=\"font-size: 16px;\">\u2019 se beneficien de estos modelos de negocio.<\/span><\/p>\n<p><span><strong>\u00bfC\u00f3mo funciona?<\/strong><\/span><\/p>\n<p>Cada participante puede realizar<span>\u00a0<\/span><strong>una o m\u00e1s aportaciones<\/strong><span>\u00a0<\/span>al grupo, cada aportaci\u00f3n equivale a una posici\u00f3n independiente en el sistema, la suma del valor de todas las posiciones adquiridas conforma la Bolsa de Beneficios que se repartir\u00e1.<\/p>\n<p>El algoritmo de<span>\u00a0<\/span><strong>BAATSIL<\/strong>, est\u00e1 pensado y programado, para que cualquier posici\u00f3n tenga un<span>\u00a0<\/span><strong>50% de posibilidad<\/strong><span>\u00a0<\/span>de obtener alg\u00fan beneficio, por lo tanto, si en un mismo ciclo se usa<span>\u00a0<\/span><strong>m\u00e1s de una posici\u00f3n<\/strong><span>\u00a0<\/span>la posibilidad de obtener beneficios se incrementa.<\/p>\n<p>[\/et_pb_text][\/et_pb_column][et_pb_column type=&#8221;1_2&#8243; _builder_version=&#8221;3.25&#8243; custom_padding=&#8221;|||&#8221; custom_padding__hover=&#8221;|||&#8221;][et_pb_text _builder_version=&#8221;4.6.0&#8243; text_font=&#8221;Poppins||||||||&#8221; text_text_color=&#8221;#ffffff&#8221; text_font_size=&#8221;16px&#8221; text_line_height=&#8221;1.8em&#8221;]<\/p>\n<p>Cada Bolsa de Beneficios tiene una fecha y hora de ejecuci\u00f3n, cuando se cumple el tiempo, se cierra la recepci\u00f3n de donaciones, el sistema<span>\u00a0<\/span><strong>calcular\u00e1 el valor<\/strong><span>\u00a0<\/span>de la Bolsa de Beneficios a repartir y se ejecutar\u00e1 el algoritmo que acomoda de forma aleatoria todas las posiciones adquiridas en diversos niveles y porcentajes de beneficio (los niveles y porcentajes depende del n\u00famero de posiciones participantes, no es un valor fijo, son valores din\u00e1micos).<\/p>\n<p>Se dar\u00e1 a conocer la lista de beneficiados y se les<strong><span>\u00a0<\/span>env\u00eda un email<\/strong><span>\u00a0<\/span>con la informaci\u00f3n correspondiente y se realizar\u00e1 la dispersi\u00f3n inmediata de los<span>\u00a0<\/span><strong>beneficios obtenidos<\/strong>.<\/p>\n<p>Finalmente, una vez concluida la dispersi\u00f3n, todos los participantes<span>\u00a0<\/span><strong>podr\u00e1n volver a adquirir<\/strong><span>\u00a0<\/span>una o m\u00e1s posiciones nuevas para volver a participar y se repetir\u00e1 el proceso.<\/p>\n<p>[\/et_pb_text][\/et_pb_column][\/et_pb_row][\/et_pb_section][et_pb_section fb_built=&#8221;1&#8243; admin_label=&#8221;Feature Section&#8221; _builder_version=&#8221;4.6.0&#8243; background_color=&#8221;rgba(255,255,255,0.84)&#8221; background_color_gradient_direction=&#8221;90deg&#8221; background_image=&#8221;https:\/\/baatsil.com\/ciclos\/wp-content\/uploads\/section-bg-circle-left3.png&#8221; custom_padding=&#8221;89px||90px|&#8221;][et_pb_row column_structure=&#8221;1_2,1_2&#8243; admin_label=&#8221;Feature Area&#8221; _builder_version=&#8221;4.6.0&#8243; border_color_all=&#8221;rgba(0,0,0,0)&#8221;][et_pb_column type=&#8221;1_2&#8243; _builder_version=&#8221;4.6.0&#8243; background_enable_color=&#8221;off&#8221; custom_padding=&#8221;|||&#8221; border_radii=&#8221;on|10px|10px|10px|10px&#8221; border_width_all=&#8221;2px&#8221; border_color_all=&#8221;rgba(0,0,0,0)&#8221; custom_padding__hover=&#8221;|||&#8221;][et_pb_image src=&#8221;https:\/\/baatsil.com\/ciclos\/wp-content\/uploads\/ingasoil-mision-vision.jpg&#8221; title_text=&#8221;Pfeil zeigt in Richtung Misi\u00f3n \/ Mission&#8221; align=&#8221;center&#8221; align_tablet=&#8221;center&#8221; align_phone=&#8221;&#8221; align_last_edited=&#8221;on|desktop&#8221; _builder_version=&#8221;4.6.0&#8243; background_enable_color=&#8221;off&#8221; border_radii=&#8221;on|15px|15px|15px|15px&#8221; border_width_all=&#8221;2px&#8221; border_color_all=&#8221;#ffffff&#8221; box_shadow_style=&#8221;preset2&#8243; box_shadow_color=&#8221;#ffffff&#8221;][\/et_pb_image][\/et_pb_column][et_pb_column type=&#8221;1_2&#8243; _builder_version=&#8221;3.25&#8243; custom_padding=&#8221;50px||50px|&#8221; custom_padding__hover=&#8221;|||&#8221;][et_pb_text admin_label=&#8221;Title&#8221; _builder_version=&#8221;3.27.4&#8243; text_font=&#8221;Poppins||||||||&#8221; text_font_size=&#8221;16px&#8221; text_line_height=&#8221;1.8em&#8221; header_font=&#8221;||||||||&#8221; header_2_font=&#8221;Poppins|600|||||||&#8221; header_2_text_align=&#8221;left&#8221; header_2_font_size=&#8221;36px&#8221; header_2_line_height=&#8221;1.4em&#8221; max_width=&#8221;550px&#8221; module_alignment=&#8221;center&#8221; custom_margin=&#8221;||10px|&#8221; animation_style=&#8221;slide&#8221; animation_direction=&#8221;top&#8221; animation_intensity_slide=&#8221;10%&#8221; animation_starting_opacity=&#8221;100%&#8221;]<\/p>\n<h2>Nuestra Misi\u00f3n:<\/h2>\n<p><span style=\"font-size: 16px;\">Colaborar en el impulso y desarrollo de la econom\u00eda familiar, a trav\u00e9s del modelo de econom\u00eda solidaria donde<\/span><strong style=\"font-size: 16px;\">\u00a0todos los participantes<\/strong><span style=\"font-size: 16px;\">\u00a0<\/span><span style=\"font-size: 16px;\">tengan la oportunidad de verse<\/span><span style=\"font-size: 16px;\">\u00a0<\/span><strong style=\"font-size: 16px;\">beneficiados<\/strong><span style=\"font-size: 16px;\">.<\/span><\/p>\n<p>[\/et_pb_text][\/et_pb_column][\/et_pb_row][et_pb_row column_structure=&#8221;1_2,1_2&#8243; admin_label=&#8221;Feature Area&#8221; _builder_version=&#8221;3.25&#8243; custom_margin=&#8221;70px|||&#8221;][et_pb_column type=&#8221;1_2&#8243; _builder_version=&#8221;3.25&#8243; custom_padding=&#8221;50px||50px|&#8221; custom_padding__hover=&#8221;|||&#8221;][et_pb_image src=&#8221;https:\/\/baatsil.com\/ciclos\/wp-content\/uploads\/vision.jpg&#8221; title_text=&#8221;vision&#8221; align=&#8221;center&#8221; align_tablet=&#8221;center&#8221; align_phone=&#8221;&#8221; align_last_edited=&#8221;on|desktop&#8221; _builder_version=&#8221;4.6.0&#8243; background_color=&#8221;rgba(0,0,0,0)&#8221; border_radii=&#8221;on|15px|15px|15px|15px&#8221; border_width_all=&#8221;3px&#8221; border_color_all=&#8221;#ffffff&#8221; box_shadow_style=&#8221;preset2&#8243; box_shadow_color=&#8221;#ffffff&#8221;][\/et_pb_image][\/et_pb_column][et_pb_column type=&#8221;1_2&#8243; _builder_version=&#8221;3.25&#8243; custom_padding=&#8221;|||&#8221; custom_padding__hover=&#8221;|||&#8221;][et_pb_text _builder_version=&#8221;4.6.1&#8243; _module_preset=&#8221;default&#8221; text_font=&#8221;|700|||||||&#8221; text_font_size=&#8221;18px&#8221; hover_enabled=&#8221;0&#8243; sticky_enabled=&#8221;0&#8243;]<\/p>\n<p><strong style=\"color: #333333; font-size: 30px;\">Nuestra Visi\u00f3n:<\/strong><\/p>\n<p><span style=\"font-size: 14pt;\">Que participar en el sistema Baatsil sea considerado como un pilar de apoyo e impulso importante en la econom\u00eda familiar.<\/span><\/p>\n<p>[\/et_pb_text][\/et_pb_column][\/et_pb_row][\/et_pb_section]<\/p>\n","protected":false},"excerpt":{"rendered":"<p>[et_pb_section fb_built=&#8221;1&#8243; admin_label=&#8221;Page Title Section&#8221; _builder_version=&#8221;4.6.0&#8243; use_background_color_gradient=&#8221;on&#8221; background_color_gradient_start=&#8221;#6b73ff&#8221; background_color_gradient_end=&#8221;#000dff&#8221; background_color_gradient_direction=&#8221;100deg&#8221; background_image=&#8221;https:\/\/baatsil.com\/ciclos\/wp-content\/uploads\/section-bg-heptagon-right2.png&#8221; custom_padding=&#8221;100px||100px|&#8221;][et_pb_row admin_label=&#8221;Page Title Area&#8221; _builder_version=&#8221;3.25&#8243;][et_pb_column type=&#8221;4_4&#8243; _builder_version=&#8221;3.25&#8243; custom_padding=&#8221;|||&#8221; custom_padding__hover=&#8221;|||&#8221;][et_pb_text admin_label=&#8221;Title&#8221; _builder_version=&#8221;4.6.0&#8243; text_font=&#8221;Poppins||||||||&#8221; text_font_size=&#8221;18px&#8221; text_line_height=&#8221;1.8em&#8221; header_font=&#8221;Poppins|600|||||||&#8221; header_font_size=&#8221;48px&#8221; header_line_height=&#8221;1.4em&#8221; header_2_font=&#8221;||||||||&#8221; text_orientation=&#8221;center&#8221; background_layout=&#8221;dark&#8221; max_width=&#8221;700px&#8221; module_alignment=&#8221;center&#8221; custom_margin=&#8221;|||&#8221; animation_style=&#8221;fade&#8221;] Reglas \u201cEl buen juicio nace de la buena\u00a0inteligencia\u00a0y la buena\u00a0inteligencia\u00a0deriva de la\u00a0raz\u00f3n, sacada de las buenas\u00a0reglas; y las buenas\u00a0reglas\u00a0son\u00a0hijas\u00a0de la [&hellip;]<\/p>\n","protected":false},"author":1,"featured_media":0,"parent":0,"menu_order":0,"comment_status":"closed","ping_status":"closed","template":"","meta":{"_acf_changed":false,"_et_pb_use_builder":"on","_et_pb_old_content":"","_et_gb_content_width":"","footnotes":""},"class_list":["post-130","page","type-page","status-publish","hentry"],"acf":[],"_links":{"self":[{"href":"https:\/\/baatsil.com\/ciclos\/wp-json\/wp\/v2\/pages\/130","targetHints":{"allow":["GET"]}}],"collection":[{"href":"https:\/\/baatsil.com\/ciclos\/wp-json\/wp\/v2\/pages"}],"about":[{"href":"https:\/\/baatsil.com\/ciclos\/wp-json\/wp\/v2\/types\/page"}],"author":[{"embeddable":true,"href":"https:\/\/baatsil.com\/ciclos\/wp-json\/wp\/v2\/users\/1"}],"replies":[{"embeddable":true,"href":"https:\/\/baatsil.com\/ciclos\/wp-json\/wp\/v2\/comments?post=130"}],"version-history":[{"count":10,"href":"https:\/\/baatsil.com\/ciclos\/wp-json\/wp\/v2\/pages\/130\/revisions"}],"predecessor-version":[{"id":908,"href":"https:\/\/baatsil.com\/ciclos\/wp-json\/wp\/v2\/pages\/130\/revisions\/908"}],"wp:attachment":[{"href":"https:\/\/baatsil.com\/ciclos\/wp-json\/wp\/v2\/media?parent=130"}],"curies":[{"name":"wp","href":"https:\/\/api.w.org\/{rel}","templated":true}]}}