{"id":102,"date":"2020-08-27T18:39:09","date_gmt":"2020-08-27T18:39:09","guid":{"rendered":"https:\/\/baatsil.com\/ciclos\/?page_id=102"},"modified":"2020-08-30T19:32:19","modified_gmt":"2020-08-30T19:32:19","slug":"baatsil","status":"publish","type":"page","link":"https:\/\/baatsil.com\/ciclos\/baatsil\/","title":{"rendered":"BAATSIL"},"content":{"rendered":"<p>[et_pb_section fb_built=&#8221;1&#8243; admin_label=&#8221;Page Title Section&#8221; _builder_version=&#8221;4.6.0&#8243; use_background_color_gradient=&#8221;on&#8221; background_color_gradient_start=&#8221;#6b73ff&#8221; background_color_gradient_end=&#8221;#000dff&#8221; background_color_gradient_direction=&#8221;100deg&#8221; background_image=&#8221;https:\/\/baatsil.com\/ciclos\/wp-content\/uploads\/section-bg-heptagon-right2-1.png&#8221; custom_padding=&#8221;20px||20px||false|false&#8221; hover_enabled=&#8221;0&#8243; sticky_enabled=&#8221;0&#8243;][et_pb_row admin_label=&#8221;Page Title Area&#8221; _builder_version=&#8221;3.25&#8243;][et_pb_column type=&#8221;4_4&#8243; _builder_version=&#8221;3.25&#8243; custom_padding=&#8221;|||&#8221; custom_padding__hover=&#8221;|||&#8221;][et_pb_text admin_label=&#8221;Title&#8221; _builder_version=&#8221;3.27.4&#8243; text_font=&#8221;Poppins||||||||&#8221; text_font_size=&#8221;18px&#8221; text_line_height=&#8221;1.8em&#8221; header_font=&#8221;Poppins|600|||||||&#8221; header_font_size=&#8221;48px&#8221; header_line_height=&#8221;1.4em&#8221; header_2_font=&#8221;||||||||&#8221; text_orientation=&#8221;center&#8221; background_layout=&#8221;dark&#8221; max_width=&#8221;700px&#8221; module_alignment=&#8221;center&#8221; custom_margin=&#8221;|||&#8221; animation_style=&#8221;fade&#8221;]<\/p>\n<h1>Baatsil<\/h1>\n<p><span>Palabra en Maya que significa:<\/span><strong><span>\u00a0<\/span><\/strong><\/p>\n<p><span style=\"font-size: x-large;\"><strong>&#8220;Entre s\u00ed, entre ellos mismos<\/strong>.&#8221;<\/span><\/p>\n<p>[\/et_pb_text][\/et_pb_column][\/et_pb_row][\/et_pb_section][et_pb_section fb_built=&#8221;1&#8243; _builder_version=&#8221;4.6.0&#8243; _module_preset=&#8221;default&#8221; background_color=&#8221;rgba(12,113,195,0.77)&#8221; background_enable_image=&#8221;off&#8221; hover_enabled=&#8221;0&#8243; custom_padding=&#8221;4vw||||false|false&#8221; sticky_enabled=&#8221;0&#8243;][et_pb_row _builder_version=&#8221;4.6.0&#8243; _module_preset=&#8221;default&#8221; hover_enabled=&#8221;0&#8243; sticky_enabled=&#8221;0&#8243; min_height=&#8221;357px&#8221; custom_margin=&#8221;|auto|-121px|auto||&#8221;][et_pb_column type=&#8221;4_4&#8243; _builder_version=&#8221;4.6.0&#8243; _module_preset=&#8221;default&#8221; hover_enabled=&#8221;0&#8243; custom_padding=&#8221;0px||0px||false|false&#8221; sticky_enabled=&#8221;0&#8243;][et_pb_text _builder_version=&#8221;4.6.0&#8243; _module_preset=&#8221;default&#8221; text_text_color=&#8221;#ffffff&#8221; text_font_size=&#8221;16px&#8221; custom_padding=&#8221;0px|||||&#8221;]<\/p>\n<p style=\"text-align: justify;\">Y este es el esp\u00edritu del Sistema BAATSIL, &#8220;<strong>Entre nosotros mismos<\/strong>&#8220;.\u00a0 En estos tiempos de cambios mundiales, donde las econom\u00edas locales, los negocios peque\u00f1os y medianos, est\u00e1n siendo destruidos, queda una alternativa que lleva a\u00f1os floreciendo \u201c<strong>la econom\u00eda colaborativa<\/strong>\u201d; solo ayud\u00e1ndonos unos a otros, confiando, apoyando, tenemos la oportunidad de lograr estabilidad y seguridad en lo econ\u00f3mico y<span>\u00a0<\/span><strong>BAATSIL<\/strong><span>\u00a0<\/span>se ha desarrollado para lograrlo este objetivo, ayudarnos unos a otros.<\/p>\n<p style=\"text-align: justify;\"><strong>BAATSIL<\/strong><span>\u00a0<\/span>est\u00e1 basado en la ayuda desinteresada entre personas, donde todos pueden ser donantes y donatarios al mismo tiempo, este es el esp\u00edritu de<span>\u00a0<\/span><strong>BAATSIL, entre nosotros mismos<\/strong>.<\/p>\n<p>[\/et_pb_text][\/et_pb_column][\/et_pb_row][\/et_pb_section]<\/p>\n","protected":false},"excerpt":{"rendered":"<p>[et_pb_section fb_built=&#8221;1&#8243; admin_label=&#8221;Page Title Section&#8221; _builder_version=&#8221;4.6.0&#8243; use_background_color_gradient=&#8221;on&#8221; background_color_gradient_start=&#8221;#6b73ff&#8221; background_color_gradient_end=&#8221;#000dff&#8221; background_color_gradient_direction=&#8221;100deg&#8221; background_image=&#8221;https:\/\/baatsil.com\/ciclos\/wp-content\/uploads\/section-bg-heptagon-right2-1.png&#8221; custom_padding=&#8221;20px||20px||false|false&#8221; hover_enabled=&#8221;0&#8243; sticky_enabled=&#8221;0&#8243;][et_pb_row admin_label=&#8221;Page Title Area&#8221; _builder_version=&#8221;3.25&#8243;][et_pb_column type=&#8221;4_4&#8243; _builder_version=&#8221;3.25&#8243; custom_padding=&#8221;|||&#8221; custom_padding__hover=&#8221;|||&#8221;][et_pb_text admin_label=&#8221;Title&#8221; _builder_version=&#8221;3.27.4&#8243; text_font=&#8221;Poppins||||||||&#8221; text_font_size=&#8221;18px&#8221; text_line_height=&#8221;1.8em&#8221; header_font=&#8221;Poppins|600|||||||&#8221; header_font_size=&#8221;48px&#8221; header_line_height=&#8221;1.4em&#8221; header_2_font=&#8221;||||||||&#8221; text_orientation=&#8221;center&#8221; background_layout=&#8221;dark&#8221; max_width=&#8221;700px&#8221; module_alignment=&#8221;center&#8221; custom_margin=&#8221;|||&#8221; animation_style=&#8221;fade&#8221;] Baatsil Palabra en Maya que significa:\u00a0 &#8220;Entre s\u00ed, entre ellos mismos.&#8221; [\/et_pb_text][\/et_pb_column][\/et_pb_row][\/et_pb_section][et_pb_section fb_built=&#8221;1&#8243; _builder_version=&#8221;4.6.0&#8243; _module_preset=&#8221;default&#8221; background_color=&#8221;rgba(12,113,195,0.77)&#8221; background_enable_image=&#8221;off&#8221; hover_enabled=&#8221;0&#8243; [&hellip;]<\/p>\n","protected":false},"author":1,"featured_media":0,"parent":0,"menu_order":0,"comment_status":"closed","ping_status":"closed","template":"","meta":{"_acf_changed":false,"_et_pb_use_builder":"on","_et_pb_old_content":"","_et_gb_content_width":"","footnotes":""},"class_list":["post-102","page","type-page","status-publish","hentry"],"acf":[],"_links":{"self":[{"href":"https:\/\/baatsil.com\/ciclos\/wp-json\/wp\/v2\/pages\/102","targetHints":{"allow":["GET"]}}],"collection":[{"href":"https:\/\/baatsil.com\/ciclos\/wp-json\/wp\/v2\/pages"}],"about":[{"href":"https:\/\/baatsil.com\/ciclos\/wp-json\/wp\/v2\/types\/page"}],"author":[{"embeddable":true,"href":"https:\/\/baatsil.com\/ciclos\/wp-json\/wp\/v2\/users\/1"}],"replies":[{"embeddable":true,"href":"https:\/\/baatsil.com\/ciclos\/wp-json\/wp\/v2\/comments?post=102"}],"version-history":[{"count":23,"href":"https:\/\/baatsil.com\/ciclos\/wp-json\/wp\/v2\/pages\/102\/revisions"}],"predecessor-version":[{"id":499,"href":"https:\/\/baatsil.com\/ciclos\/wp-json\/wp\/v2\/pages\/102\/revisions\/499"}],"wp:attachment":[{"href":"https:\/\/baatsil.com\/ciclos\/wp-json\/wp\/v2\/media?parent=102"}],"curies":[{"name":"wp","href":"https:\/\/api.w.org\/{rel}","templated":true}]}}